{"id":12579,"date":"2020-06-22T14:37:31","date_gmt":"2020-06-22T12:37:31","guid":{"rendered":"https:\/\/icfrc.fr\/what-your-donations-have-helped-us-to-do\/axa-sassocie-au-campus-de-strasbourg-pour-developper-la-nanomedecine\/"},"modified":"2021-04-06T15:59:09","modified_gmt":"2021-04-06T13:59:09","slug":"axa-has-teamed-up-with-the-strasbourg-campus-to-support-developments-in-nanomedicine","status":"publish","type":"page","link":"https:\/\/fondation-lehn.fr\/en\/what-your-donations-have-helped-us-to-do\/axa-has-teamed-up-with-the-strasbourg-campus-to-support-developments-in-nanomedicine\/","title":{"rendered":"AXA has teamed up with the Strasbourg campus to support developments in nanomedicine"},"content":{"rendered":"\t\t<div data-elementor-type=\"wp-page\" data-elementor-id=\"12579\" class=\"elementor elementor-12579 elementor-7958\" data-elementor-post-type=\"page\">\n\t\t\t\t\t\t<section class=\"elementor-section elementor-top-section elementor-element elementor-element-386ef8f elementor-section-stretched elementor-section-height-min-height elementor-section-boxed elementor-section-height-default elementor-section-items-middle\" data-id=\"386ef8f\" data-element_type=\"section\" data-settings=\"{&quot;stretch_section&quot;:&quot;section-stretched&quot;,&quot;background_background&quot;:&quot;slideshow&quot;,&quot;background_slideshow_gallery&quot;:[{&quot;id&quot;:7444,&quot;url&quot;:&quot;https:\\\/\\\/fondation-lehn.fr\\\/\\\/wp-content\\\/uploads\\\/2020\\\/05\\\/8470-tiny.jpg&quot;}],&quot;background_slideshow_loop&quot;:&quot;yes&quot;,&quot;background_slideshow_slide_duration&quot;:5000,&quot;background_slideshow_slide_transition&quot;:&quot;fade&quot;,&quot;background_slideshow_transition_duration&quot;:500}\">\n\t\t\t\t\t\t<div class=\"elementor-container elementor-column-gap-default\">\n\t\t\t\t\t<div class=\"elementor-column elementor-col-50 elementor-top-column elementor-element elementor-element-60019e0\" data-id=\"60019e0\" data-element_type=\"column\">\n\t\t\t<div class=\"elementor-widget-wrap elementor-element-populated\">\n\t\t\t\t\t\t<div class=\"elementor-element elementor-element-a5d691c elementor-widget elementor-widget-heading\" data-id=\"a5d691c\" data-element_type=\"widget\" data-widget_type=\"heading.default\">\n\t\t\t\t<div class=\"elementor-widget-container\">\n\t\t\t<h1 class=\"elementor-heading-title elementor-size-default\">AXA has teamed up with the Strasbourg campus to support developments in nanomedicine<\/h1>\t\t<\/div>\n\t\t\t\t<\/div>\n\t\t\t\t\t<\/div>\n\t\t<\/div>\n\t\t\t\t<div class=\"elementor-column elementor-col-50 elementor-top-column elementor-element elementor-element-4cd153a\" data-id=\"4cd153a\" data-element_type=\"column\">\n\t\t\t<div class=\"elementor-widget-wrap\">\n\t\t\t\t\t\t\t<\/div>\n\t\t<\/div>\n\t\t\t\t\t<\/div>\n\t\t<\/section>\n\t\t\t\t<section class=\"elementor-section elementor-top-section elementor-element elementor-element-a0b56fb elementor-section-boxed elementor-section-height-default elementor-section-height-default\" data-id=\"a0b56fb\" data-element_type=\"section\">\n\t\t\t\t\t\t<div class=\"elementor-container elementor-column-gap-default\">\n\t\t\t\t\t<div class=\"elementor-column elementor-col-50 elementor-top-column elementor-element elementor-element-ba6b354\" data-id=\"ba6b354\" data-element_type=\"column\">\n\t\t\t<div class=\"elementor-widget-wrap elementor-element-populated\">\n\t\t\t\t\t\t<div class=\"elementor-element elementor-element-c77d25f elementor-widget elementor-widget-text-editor\" data-id=\"c77d25f\" data-element_type=\"widget\" data-widget_type=\"text-editor.default\">\n\t\t\t\t<div class=\"elementor-widget-container\">\n\t\t\t\t\t\t\t<p><em>AXA Research Fund<\/em> supports research that addresses very real issues, particularly in the field of health.<\/p><p>In 2009, an endowment of \u20ac2.25m from AXA helped the FRC and the Strasbourg research community find an exceptional researcher who was able to rise to the challenges set by AXA: Luisa De Cola, one of the world\u2019s leading academics.<\/p><p>The creation of the supramolecular chemistry chair and the calibre of the FRC\u2019s investments has provided long-term funding for Luisa De Cola\u2019s research.<\/p><p>\u00a0<\/p>\t\t\t\t\t\t<\/div>\n\t\t\t\t<\/div>\n\t\t\t\t<div class=\"elementor-element elementor-element-aa1561a elementor-widget elementor-widget-image\" data-id=\"aa1561a\" data-element_type=\"widget\" data-widget_type=\"image.default\">\n\t\t\t\t<div class=\"elementor-widget-container\">\n\t\t\t\t\t\t\t\t\t\t\t\t\t<img fetchpriority=\"high\" width=\"800\" height=\"458\" src=\"https:\/\/fondation-lehn.fr\/wp-content\/uploads\/2020\/06\/ISIS_2020_S-017-tiny4-1024x586.jpg\" class=\"attachment-large size-large wp-image-7963\" alt=\"\" srcset=\"https:\/\/fondation-lehn.fr\/wp-content\/uploads\/2020\/06\/ISIS_2020_S-017-tiny4-1024x586.jpg 1024w, https:\/\/fondation-lehn.fr\/wp-content\/uploads\/2020\/06\/ISIS_2020_S-017-tiny4-300x172.jpg 300w, https:\/\/fondation-lehn.fr\/wp-content\/uploads\/2020\/06\/ISIS_2020_S-017-tiny4-768x440.jpg 768w, https:\/\/fondation-lehn.fr\/wp-content\/uploads\/2020\/06\/ISIS_2020_S-017-tiny4-1536x879.jpg 1536w, https:\/\/fondation-lehn.fr\/wp-content\/uploads\/2020\/06\/ISIS_2020_S-017-tiny4-600x343.jpg 600w, https:\/\/fondation-lehn.fr\/wp-content\/uploads\/2020\/06\/ISIS_2020_S-017-tiny4.jpg 1667w\" sizes=\"(max-width: 800px) 100vw, 800px\" \/>\t\t\t\t\t\t\t\t\t\t\t\t\t<\/div>\n\t\t\t\t<\/div>\n\t\t\t\t\t<\/div>\n\t\t<\/div>\n\t\t\t\t<div class=\"elementor-column elementor-col-50 elementor-top-column elementor-element elementor-element-e16612d\" data-id=\"e16612d\" data-element_type=\"column\" data-settings=\"{&quot;background_background&quot;:&quot;classic&quot;}\">\n\t\t\t<div class=\"elementor-widget-wrap elementor-element-populated\">\n\t\t\t\t\t\t<div class=\"elementor-element elementor-element-e95cbf2 elementor-widget elementor-widget-heading\" data-id=\"e95cbf2\" data-element_type=\"widget\" data-widget_type=\"heading.default\">\n\t\t\t\t<div class=\"elementor-widget-container\">\n\t\t\t<h2 class=\"elementor-heading-title elementor-size-large\">An alternative to standard chemotherapy<\/h2>\t\t<\/div>\n\t\t\t\t<\/div>\n\t\t\t\t<div class=\"elementor-element elementor-element-4c8e134 elementor-widget elementor-widget-text-editor\" data-id=\"4c8e134\" data-element_type=\"widget\" data-widget_type=\"text-editor.default\">\n\t\t\t\t<div class=\"elementor-widget-container\">\n\t\t\t\t\t\t\t<p>Luisa De Cola is developing nanocontainers that can transport drugs, DNA, or enzymes to targeted infected cells, providing an alternative to standard chemotherapy and a step forward in the search for new treatments for age-related illnesses.<\/p><p>The laboratory is also working with the prestigious IRCAD (Institute of Gastrointestinal Cancer Research) in Strasbourg to develop a hydrogel that can repair injuries that can currently only be treated with surgery.<\/p><p>De Cola has brilliantly demonstrated her ability to get results in applied research and medicine.<\/p>\t\t\t\t\t\t<\/div>\n\t\t\t\t<\/div>\n\t\t\t\t<section class=\"elementor-section elementor-inner-section elementor-element elementor-element-0f72a35 elementor-section-boxed elementor-section-height-default elementor-section-height-default\" data-id=\"0f72a35\" data-element_type=\"section\">\n\t\t\t\t\t\t<div class=\"elementor-container elementor-column-gap-default\">\n\t\t\t\t\t<div class=\"elementor-column elementor-col-33 elementor-inner-column elementor-element elementor-element-fb9c0c1\" data-id=\"fb9c0c1\" data-element_type=\"column\">\n\t\t\t<div class=\"elementor-widget-wrap elementor-element-populated\">\n\t\t\t\t\t\t<div class=\"elementor-element elementor-element-14e0975 elementor-widget elementor-widget-counter\" data-id=\"14e0975\" data-element_type=\"widget\" data-widget_type=\"counter.default\">\n\t\t\t\t<div class=\"elementor-widget-container\">\n\t\t\t\t\t<div class=\"elementor-counter\">\n\t\t\t<div class=\"elementor-counter-title\">published articles<\/div>\t\t\t<div class=\"elementor-counter-number-wrapper\">\n\t\t\t\t<span class=\"elementor-counter-number-prefix\"><\/span>\n\t\t\t\t<span class=\"elementor-counter-number\" data-duration=\"1000\" data-to-value=\"90\" data-from-value=\"0\" data-delimiter=\",\">0<\/span>\n\t\t\t\t<span class=\"elementor-counter-number-suffix\"><\/span>\n\t\t\t<\/div>\n\t\t<\/div>\n\t\t\t\t<\/div>\n\t\t\t\t<\/div>\n\t\t\t\t\t<\/div>\n\t\t<\/div>\n\t\t\t\t<div class=\"elementor-column elementor-col-33 elementor-inner-column elementor-element elementor-element-21a3b9e\" data-id=\"21a3b9e\" data-element_type=\"column\">\n\t\t\t<div class=\"elementor-widget-wrap elementor-element-populated\">\n\t\t\t\t\t\t<div class=\"elementor-element elementor-element-b4f0def elementor-widget elementor-widget-counter\" data-id=\"b4f0def\" data-element_type=\"widget\" data-widget_type=\"counter.default\">\n\t\t\t\t<div class=\"elementor-widget-container\">\n\t\t\t\t\t<div class=\"elementor-counter\">\n\t\t\t<div class=\"elementor-counter-title\">patents<\/div>\t\t\t<div class=\"elementor-counter-number-wrapper\">\n\t\t\t\t<span class=\"elementor-counter-number-prefix\"><\/span>\n\t\t\t\t<span class=\"elementor-counter-number\" data-duration=\"1000\" data-to-value=\"32\" data-from-value=\"0\" data-delimiter=\",\">0<\/span>\n\t\t\t\t<span class=\"elementor-counter-number-suffix\"><\/span>\n\t\t\t<\/div>\n\t\t<\/div>\n\t\t\t\t<\/div>\n\t\t\t\t<\/div>\n\t\t\t\t\t<\/div>\n\t\t<\/div>\n\t\t\t\t<div class=\"elementor-column elementor-col-33 elementor-inner-column elementor-element elementor-element-82ea005\" data-id=\"82ea005\" data-element_type=\"column\">\n\t\t\t<div class=\"elementor-widget-wrap elementor-element-populated\">\n\t\t\t\t\t\t<div class=\"elementor-element elementor-element-4bb8bb4 elementor-widget elementor-widget-counter\" data-id=\"4bb8bb4\" data-element_type=\"widget\" data-widget_type=\"counter.default\">\n\t\t\t\t<div class=\"elementor-widget-container\">\n\t\t\t\t\t<div class=\"elementor-counter\">\n\t\t\t<div class=\"elementor-counter-title\">start-up a \u00e9t\u00e9 cr\u00e9\u00e9e<\/div>\t\t\t<div class=\"elementor-counter-number-wrapper\">\n\t\t\t\t<span class=\"elementor-counter-number-prefix\"><\/span>\n\t\t\t\t<span class=\"elementor-counter-number\" data-duration=\"1000\" data-to-value=\"1\" data-from-value=\"0\" data-delimiter=\",\">0<\/span>\n\t\t\t\t<span class=\"elementor-counter-number-suffix\"><\/span>\n\t\t\t<\/div>\n\t\t<\/div>\n\t\t\t\t<\/div>\n\t\t\t\t<\/div>\n\t\t\t\t\t<\/div>\n\t\t<\/div>\n\t\t\t\t\t<\/div>\n\t\t<\/section>\n\t\t\t\t\t<\/div>\n\t\t<\/div>\n\t\t\t\t\t<\/div>\n\t\t<\/section>\n\t\t\t\t<section class=\"elementor-section elementor-top-section elementor-element elementor-element-172f5fc elementor-section-boxed elementor-section-height-default elementor-section-height-default\" data-id=\"172f5fc\" data-element_type=\"section\">\n\t\t\t\t\t\t<div class=\"elementor-container elementor-column-gap-default\">\n\t\t\t\t\t<div class=\"elementor-column elementor-col-33 elementor-top-column elementor-element elementor-element-d160faf\" data-id=\"d160faf\" data-element_type=\"column\" data-settings=\"{&quot;background_background&quot;:&quot;classic&quot;}\">\n\t\t\t<div class=\"elementor-widget-wrap elementor-element-populated\">\n\t\t\t\t\t<div class=\"elementor-background-overlay\"><\/div>\n\t\t\t\t\t\t<div class=\"elementor-element elementor-element-556aa35 elementor-widget elementor-widget-heading\" data-id=\"556aa35\" data-element_type=\"widget\" data-widget_type=\"heading.default\">\n\t\t\t\t<div class=\"elementor-widget-container\">\n\t\t\t<h2 class=\"elementor-heading-title elementor-size-large\">Donor testimonials<\/h2>\t\t<\/div>\n\t\t\t\t<\/div>\n\t\t\t\t\t<\/div>\n\t\t<\/div>\n\t\t\t\t<div class=\"elementor-column elementor-col-66 elementor-top-column elementor-element elementor-element-1e335f4\" data-id=\"1e335f4\" data-element_type=\"column\">\n\t\t\t<div class=\"elementor-widget-wrap elementor-element-populated\">\n\t\t\t\t\t\t<div class=\"elementor-element elementor-element-62c8894 elementor-widget elementor-widget-testimonial\" data-id=\"62c8894\" data-element_type=\"widget\" data-widget_type=\"testimonial.default\">\n\t\t\t\t<div class=\"elementor-widget-container\">\n\t\t\t\t\t<div class=\"elementor-testimonial-wrapper\">\n\t\t\t\t\t\t\t<div class=\"elementor-testimonial-content\">\u201cLuisa De Cola has surpassed our expectations: she has been widely published and has also started a company to capitalise on her research. Her startup, SiBreaX, develops hydrogels made from silicate nanoparticles for compound delivery. Her work provides promising prospects for new treatments and a new therapeutic approach using nanomedicine, which seems to already be within reach after only a few years.\u201d<\/div>\n\t\t\t\n\t\t\t\t\t\t<div class=\"elementor-testimonial-meta\">\n\t\t\t\t<div class=\"elementor-testimonial-meta-inner\">\n\t\t\t\t\t\n\t\t\t\t\t\t\t\t\t\t<div class=\"elementor-testimonial-details\">\n\t\t\t\t\t\t\t\t\t\t\t\t\t\t<div class=\"elementor-testimonial-name\">Marie Bogataj<\/div>\n\t\t\t\t\t\t\t\t\t\t\t\t\t\t\t\t\t\t\t\t\t\t<div class=\"elementor-testimonial-job\">Director, AXA Research Fund<\/div>\n\t\t\t\t\t\t\t\t\t\t\t\t\t<\/div>\n\t\t\t\t\t\t\t\t\t<\/div>\n\t\t\t<\/div>\n\t\t\t\t\t<\/div>\n\t\t\t\t<\/div>\n\t\t\t\t<\/div>\n\t\t\t\t\t<\/div>\n\t\t<\/div>\n\t\t\t\t\t<\/div>\n\t\t<\/section>\n\t\t\t\t<\/div>\n\t\t","protected":false},"excerpt":{"rendered":"<p>AXA has teamed up with the Strasbourg campus to support developments in nanomedicine AXA Research Fund supports research that addresses very real issues, particularly in the field of health. In 2009, an endowment of \u20ac2.25m from AXA helped the FRC and the Strasbourg research community find an exceptional researcher who was able to rise to [&hellip;]<\/p>\n","protected":false},"author":2,"featured_media":0,"parent":12568,"menu_order":25,"comment_status":"closed","ping_status":"closed","template":"","meta":[],"acf":[],"yoast_head":"<!-- This site is optimized with the Yoast SEO plugin v15.5 - https:\/\/yoast.com\/wordpress\/plugins\/seo\/ -->\n<title>AXA has teamed up with the Strasbourg campus to support developments in nanomedicine - Fondation Jean-Marie Lehn<\/title>\n<meta name=\"robots\" content=\"index, follow, max-snippet:-1, max-image-preview:large, max-video-preview:-1\" \/>\n<link rel=\"canonical\" href=\"https:\/\/fondation-lehn.fr\/en\/what-your-donations-have-helped-us-to-do\/axa-has-teamed-up-with-the-strasbourg-campus-to-support-developments-in-nanomedicine\/\" \/>\n<meta property=\"og:locale\" content=\"en_US\" \/>\n<meta property=\"og:type\" content=\"article\" \/>\n<meta property=\"og:title\" content=\"AXA has teamed up with the Strasbourg campus to support developments in nanomedicine - Fondation Jean-Marie Lehn\" \/>\n<meta property=\"og:description\" content=\"AXA has teamed up with the Strasbourg campus to support developments in nanomedicine AXA Research Fund supports research that addresses very real issues, particularly in the field of health. In 2009, an endowment of \u20ac2.25m from AXA helped the FRC and the Strasbourg research community find an exceptional researcher who was able to rise to [&hellip;]\" \/>\n<meta property=\"og:url\" content=\"https:\/\/fondation-lehn.fr\/en\/what-your-donations-have-helped-us-to-do\/axa-has-teamed-up-with-the-strasbourg-campus-to-support-developments-in-nanomedicine\/\" \/>\n<meta property=\"og:site_name\" content=\"Fondation Jean-Marie Lehn\" \/>\n<meta property=\"article:publisher\" content=\"https:\/\/www.facebook.com\/Fondation-pour-la-Recherche-en-Chimie-244345315919500\/?fref=ts\" \/>\n<meta property=\"article:modified_time\" content=\"2021-04-06T13:59:09+00:00\" \/>\n<meta property=\"og:image\" content=\"https:\/\/icfrc.fr\/wp-content\/uploads\/2020\/06\/ISIS_2020_S-017-tiny4-1024x586.jpg\" \/>\n<meta name=\"twitter:card\" content=\"summary_large_image\" \/>\n<meta name=\"twitter:site\" content=\"@Fondation_FRC\" \/>\n<meta name=\"twitter:label1\" content=\"Est. reading time\">\n\t<meta name=\"twitter:data1\" content=\"1 minute\">\n<script type=\"application\/ld+json\" class=\"yoast-schema-graph\">{\"@context\":\"https:\/\/schema.org\",\"@graph\":[{\"@type\":\"WebSite\",\"@id\":\"https:\/\/fondation-lehn.fr\/#website\",\"url\":\"https:\/\/fondation-lehn.fr\/\",\"name\":\"Fondation Jean-Marie Lehn\",\"description\":\"La Fondation accompagne le d\\u00e9veloppement du p\\u00f4le de recherche en chimie de l&#039;Universit\\u00e9 de Strasbourg et du CNRS\",\"potentialAction\":[{\"@type\":\"SearchAction\",\"target\":\"https:\/\/fondation-lehn.fr\/?s={search_term_string}\",\"query-input\":\"required name=search_term_string\"}],\"inLanguage\":\"en-US\"},{\"@type\":\"ImageObject\",\"@id\":\"https:\/\/fondation-lehn.fr\/en\/what-your-donations-have-helped-us-to-do\/axa-has-teamed-up-with-the-strasbourg-campus-to-support-developments-in-nanomedicine\/#primaryimage\",\"inLanguage\":\"en-US\",\"url\":\"https:\/\/icfrc.fr\/wp-content\/uploads\/2020\/06\/ISIS_2020_S-017-tiny4-1024x586.jpg\"},{\"@type\":\"WebPage\",\"@id\":\"https:\/\/fondation-lehn.fr\/en\/what-your-donations-have-helped-us-to-do\/axa-has-teamed-up-with-the-strasbourg-campus-to-support-developments-in-nanomedicine\/#webpage\",\"url\":\"https:\/\/fondation-lehn.fr\/en\/what-your-donations-have-helped-us-to-do\/axa-has-teamed-up-with-the-strasbourg-campus-to-support-developments-in-nanomedicine\/\",\"name\":\"AXA has teamed up with the Strasbourg campus to support developments in nanomedicine - Fondation Jean-Marie Lehn\",\"isPartOf\":{\"@id\":\"https:\/\/fondation-lehn.fr\/#website\"},\"primaryImageOfPage\":{\"@id\":\"https:\/\/fondation-lehn.fr\/en\/what-your-donations-have-helped-us-to-do\/axa-has-teamed-up-with-the-strasbourg-campus-to-support-developments-in-nanomedicine\/#primaryimage\"},\"datePublished\":\"2020-06-22T12:37:31+00:00\",\"dateModified\":\"2021-04-06T13:59:09+00:00\",\"inLanguage\":\"en-US\",\"potentialAction\":[{\"@type\":\"ReadAction\",\"target\":[\"https:\/\/fondation-lehn.fr\/en\/what-your-donations-have-helped-us-to-do\/axa-has-teamed-up-with-the-strasbourg-campus-to-support-developments-in-nanomedicine\/\"]}]}]}<\/script>\n<!-- \/ Yoast SEO plugin. -->","_links":{"self":[{"href":"https:\/\/fondation-lehn.fr\/en\/wp-json\/wp\/v2\/pages\/12579"}],"collection":[{"href":"https:\/\/fondation-lehn.fr\/en\/wp-json\/wp\/v2\/pages"}],"about":[{"href":"https:\/\/fondation-lehn.fr\/en\/wp-json\/wp\/v2\/types\/page"}],"author":[{"embeddable":true,"href":"https:\/\/fondation-lehn.fr\/en\/wp-json\/wp\/v2\/users\/2"}],"replies":[{"embeddable":true,"href":"https:\/\/fondation-lehn.fr\/en\/wp-json\/wp\/v2\/comments?post=12579"}],"version-history":[{"count":7,"href":"https:\/\/fondation-lehn.fr\/en\/wp-json\/wp\/v2\/pages\/12579\/revisions"}],"predecessor-version":[{"id":12589,"href":"https:\/\/fondation-lehn.fr\/en\/wp-json\/wp\/v2\/pages\/12579\/revisions\/12589"}],"up":[{"embeddable":true,"href":"https:\/\/fondation-lehn.fr\/en\/wp-json\/wp\/v2\/pages\/12568"}],"wp:attachment":[{"href":"https:\/\/fondation-lehn.fr\/en\/wp-json\/wp\/v2\/media?parent=12579"}],"curies":[{"name":"wp","href":"https:\/\/api.w.org\/{rel}","templated":true}]}}