{"id":11330,"date":"2021-01-28T15:48:43","date_gmt":"2021-01-28T14:48:43","guid":{"rendered":"https:\/\/icfrc.fr\/?post_type=product&#038;p=11330"},"modified":"2021-06-28T16:16:52","modified_gmt":"2021-06-28T14:16:52","slug":"marie-paule-bassez","status":"publish","type":"product","link":"https:\/\/fondation-lehn.fr\/en\/projet\/marie-paule-bassez\/","title":{"rendered":"Laboratoire scientifique et p\u00e9dagogique de Marie-Paule Bassez"},"content":{"rendered":"\t\t<div data-elementor-type=\"product-post\" data-elementor-id=\"11330\" class=\"elementor elementor-11330\" data-elementor-post-type=\"product\">\n\t\t\t\t\t\t<section class=\"elementor-section elementor-top-section elementor-element elementor-element-53b65fe elementor-section-boxed elementor-section-height-default elementor-section-height-default\" data-id=\"53b65fe\" data-element_type=\"section\">\n\t\t\t\t\t\t<div class=\"elementor-container elementor-column-gap-default\">\n\t\t\t\t\t<div class=\"elementor-column elementor-col-50 elementor-top-column elementor-element elementor-element-d7682cd\" data-id=\"d7682cd\" data-element_type=\"column\">\n\t\t\t<div class=\"elementor-widget-wrap elementor-element-populated\">\n\t\t\t\t\t\t<div class=\"elementor-element elementor-element-32783ad elementor-widget elementor-widget-woocommerce-product-title elementor-page-title elementor-widget-heading\" data-id=\"32783ad\" data-element_type=\"widget\" data-widget_type=\"woocommerce-product-title.default\">\n\t\t\t\t<div class=\"elementor-widget-container\">\n\t\t\t<h2 class=\"product_title entry-title elementor-heading-title elementor-size-xl\">Laboratoire scientifique et p\u00e9dagogique de Marie-Paule Bassez<\/h2>\t\t<\/div>\n\t\t\t\t<\/div>\n\t\t\t\t<div class=\"elementor-element elementor-element-c71e225 elementor-widget elementor-widget-text-editor\" data-id=\"c71e225\" data-element_type=\"widget\" data-widget_type=\"text-editor.default\">\n\t\t\t\t<div class=\"elementor-widget-container\">\n\t\t\t\t\t\t\t<p>Dans le cadre de ses travaux de recherche sur l\u2019origine de la vie, Marie-Paule Bassez, montre l\u2019importance de consid\u00e9rer l\u2019eau proche de l\u2019\u00e9tat supercritique.\u00a0Un \u00e9l\u00e9ment qui contribue \u00e0 l&#8217;explication de l\u2019apparition de la vie sur Terre au cours du processus de g\u00e9obiotropie.<\/p><p>\u00ab\u00a0L\u2019observation de roches contenant du fer ferrique ne signifiera plus n\u00e9cessairement que des microorganismes et donc la vie \u00e9taient pr\u00e9sents pour fabriquer ce fer ferrique, mais pourrait signifier que la roche \u00e9tait en interaction chimique avec de l\u2019eau proche de l\u2019\u00e9tat supercritique. L&#8217;hydrog\u00e8ne produit durant cette interaction eau-roche contribuerait \u00e0 la formation des mol\u00e9cules de la vie et \u00e0 l&#8217;apparition de la vie sur Terre.\u00bb<\/p><p>Cette hypoth\u00e8se formul\u00e9e par Marie-Paule Bassez\u00a0permet d&#8217;expliquer la construction des formations ruban\u00e9es arch\u00e9ennes et n\u00e9oprot\u00e9rozoiques.\u00a0Une th\u00e9orie qui\u00a0peut\u00a0\u00e9galement expliquer\u00a0la composition chimique de certains objets plan\u00e9taires poss\u00e9dant une cro\u00fbte de glace\u00a0tel que Encelade, une plan\u00e8te de Saturne.\u00a0<\/p>\t\t\t\t\t\t<\/div>\n\t\t\t\t<\/div>\n\t\t\t\t<div class=\"elementor-element elementor-element-4007c51 elementor-position-right elementor-view-default elementor-mobile-position-top elementor-vertical-align-top elementor-invisible elementor-widget elementor-widget-icon-box\" data-id=\"4007c51\" data-element_type=\"widget\" data-settings=\"{&quot;motion_fx_motion_fx_scrolling&quot;:&quot;yes&quot;,&quot;_animation&quot;:&quot;slideInLeft&quot;,&quot;motion_fx_devices&quot;:[&quot;desktop&quot;,&quot;tablet&quot;,&quot;mobile&quot;]}\" data-widget_type=\"icon-box.default\">\n\t\t\t\t<div class=\"elementor-widget-container\">\n\t\t\t\t\t<div class=\"elementor-icon-box-wrapper\">\n\n\t\t\t\t\t\t<div class=\"elementor-icon-box-icon\">\n\t\t\t\t<span  class=\"elementor-icon elementor-animation-\">\n\t\t\t\t<i aria-hidden=\"true\" class=\"far fa-arrow-alt-circle-right\"><\/i>\t\t\t\t<\/span>\n\t\t\t<\/div>\n\t\t\t\n\t\t\t\t\t\t<div class=\"elementor-icon-box-content\">\n\n\t\t\t\t\t\t\t\t\t<h3 class=\"elementor-icon-box-title\">\n\t\t\t\t\t\t<span  >\n\t\t\t\t\t\t\tFaites un don !\t\t\t\t\t\t<\/span>\n\t\t\t\t\t<\/h3>\n\t\t\t\t\n\t\t\t\t\n\t\t\t<\/div>\n\t\t\t\n\t\t<\/div>\n\t\t\t\t<\/div>\n\t\t\t\t<\/div>\n\t\t\t\t\t<\/div>\n\t\t<\/div>\n\t\t\t\t<div class=\"elementor-column elementor-col-50 elementor-top-column elementor-element elementor-element-580b213\" data-id=\"580b213\" data-element_type=\"column\" data-settings=\"{&quot;background_background&quot;:&quot;classic&quot;}\">\n\t\t\t<div class=\"elementor-widget-wrap elementor-element-populated\">\n\t\t\t\t\t\t<div class=\"elementor-element elementor-element-8c33a5a elementor-widget elementor-widget-heading\" data-id=\"8c33a5a\" data-element_type=\"widget\" data-widget_type=\"heading.default\">\n\t\t\t\t<div class=\"elementor-widget-container\">\n\t\t\t<h2 class=\"elementor-heading-title elementor-size-medium\">Vos avantages fiscaux<\/h2>\t\t<\/div>\n\t\t\t\t<\/div>\n\t\t\t\t<div class=\"elementor-element elementor-element-d675c1d elementor-widget elementor-widget-text-editor\" data-id=\"d675c1d\" data-element_type=\"widget\" data-widget_type=\"text-editor.default\">\n\t\t\t\t<div class=\"elementor-widget-container\">\n\t\t\t\t\t\t\t<p>La fondation vous d\u00e9livre un re\u00e7u fiscal pour d\u00e9duire votre don de vos imp\u00f4ts.<\/p>\n<p><strong>Si vous \u00eates assujetti(e) \u00e0 l\u2019Imp\u00f4t sur le Revenu<\/strong>, vous pouvez d\u00e9duire 66% du montant de votre don de votre imp\u00f4t, dans la limite de 20% du revenu imposable.<\/p>\n<p><strong>Si vous \u00eates assujetti(e) \u00e0 l\u2019Imp\u00f4t sur la Fortune Immobili\u00e8re (IFI, ex ISF)<\/strong>, vous pouvez d\u00e9duire 75% du montant de votre don de votre IFI dans la limite de 50000 \u20ac.<\/p>\t\t\t\t\t\t<\/div>\n\t\t\t\t<\/div>\n\t\t\t\t<section class=\"elementor-section elementor-inner-section elementor-element elementor-element-12febff elementor-section-boxed elementor-section-height-default elementor-section-height-default\" data-id=\"12febff\" data-element_type=\"section\">\n\t\t\t\t\t\t<div class=\"elementor-container elementor-column-gap-default\">\n\t\t\t\t\t<div class=\"elementor-column elementor-col-100 elementor-inner-column elementor-element elementor-element-2cda1a8\" data-id=\"2cda1a8\" data-element_type=\"column\">\n\t\t\t<div class=\"elementor-widget-wrap elementor-element-populated\">\n\t\t\t\t\t\t<div class=\"elementor-element elementor-element-25dcf14 elementor-headline--style-highlight elementor-widget elementor-widget-animated-headline\" data-id=\"25dcf14\" data-element_type=\"widget\" data-settings=\"{&quot;highlighted_text&quot;:&quot;un don !&quot;,&quot;headline_style&quot;:&quot;highlight&quot;,&quot;marker&quot;:&quot;circle&quot;,&quot;loop&quot;:&quot;yes&quot;,&quot;highlight_animation_duration&quot;:1200,&quot;highlight_iteration_delay&quot;:8000}\" data-widget_type=\"animated-headline.default\">\n\t\t\t\t<div class=\"elementor-widget-container\">\n\t\t\t\t\t<h3 class=\"elementor-headline\">\n\t\t\t\t\t<span class=\"elementor-headline-plain-text elementor-headline-text-wrapper\">Faites<\/span>\n\t\t\t\t<span class=\"elementor-headline-dynamic-wrapper elementor-headline-text-wrapper\">\n\t\t\t\t\t<span class=\"elementor-headline-dynamic-text elementor-headline-text-active\">un don !<\/span>\n\t\t\t\t<\/span>\n\t\t\t\t<\/h3>\n\t\t\t\t<\/div>\n\t\t\t\t<\/div>\n\t\t\t\t\t<\/div>\n\t\t<\/div>\n\t\t\t\t\t<\/div>\n\t\t<\/section>\n\t\t\t\t<div class=\"elementor-element elementor-element-b729aad e-add-to-cart--show-quantity-yes elementor-widget elementor-widget-woocommerce-product-add-to-cart\" data-id=\"b729aad\" data-element_type=\"widget\" data-settings=\"{&quot;sticky&quot;:&quot;top&quot;,&quot;sticky_on&quot;:[&quot;desktop&quot;],&quot;sticky_offset&quot;:110,&quot;sticky_parent&quot;:&quot;yes&quot;,&quot;sticky_effects_offset&quot;:0}\" data-widget_type=\"woocommerce-product-add-to-cart.default\">\n\t\t\t\t<div class=\"elementor-widget-container\">\n\t\t\t\n\t\t<div class=\"elementor-add-to-cart elementor-product-simple\">\n\t\t\t\t\t<\/div>\n\n\t\t\t\t<\/div>\n\t\t\t\t<\/div>\n\t\t\t\t\t<\/div>\n\t\t<\/div>\n\t\t\t\t\t<\/div>\n\t\t<\/section>\n\t\t\t\t<\/div>\n\t\t","protected":false},"excerpt":{"rendered":"<p>Dans le cadre de ses travaux de recherche sur l\u2019origine de la vie, Marie-Paule Bassez, montre l\u2019importance de consid\u00e9rer l\u2019eau proche de l\u2019\u00e9tat supercritique.\u00a0Un \u00e9l\u00e9ment qui contribue \u00e0 l&#8217;explication de l\u2019apparition de la vie sur Terre au cours du processus de g\u00e9obiotropie. \u00ab\u00a0L\u2019observation de roches contenant du fer ferrique ne signifiera plus n\u00e9cessairement que des [&hellip;]<\/p>\n","protected":false},"featured_media":7428,"template":"","meta":[],"acf":[],"yoast_head":"<!-- This site is optimized with the Yoast SEO plugin v15.5 - https:\/\/yoast.com\/wordpress\/plugins\/seo\/ -->\n<title>Laboratoire scientifique et p\u00e9dagogique de Marie-Paule Bassez - Fondation Jean-Marie Lehn<\/title>\n<meta name=\"robots\" content=\"index, follow, max-snippet:-1, max-image-preview:large, max-video-preview:-1\" \/>\n<link rel=\"canonical\" href=\"https:\/\/fondation-lehn.fr\/projet\/marie-paule-bassez\/\" \/>\n<meta property=\"og:locale\" content=\"en_US\" \/>\n<meta property=\"og:type\" content=\"article\" \/>\n<meta property=\"og:title\" content=\"Laboratoire scientifique et p\u00e9dagogique de Marie-Paule Bassez - Fondation Jean-Marie Lehn\" \/>\n<meta property=\"og:description\" content=\"Dans le cadre de ses travaux de recherche sur l\u2019origine de la vie, Marie-Paule Bassez, montre l\u2019importance de consid\u00e9rer l\u2019eau proche de l\u2019\u00e9tat supercritique.\u00a0Un \u00e9l\u00e9ment qui contribue \u00e0 l&#8217;explication de l\u2019apparition de la vie sur Terre au cours du processus de g\u00e9obiotropie. \u00ab\u00a0L\u2019observation de roches contenant du fer ferrique ne signifiera plus n\u00e9cessairement que des [&hellip;]\" \/>\n<meta property=\"og:url\" content=\"https:\/\/fondation-lehn.fr\/projet\/marie-paule-bassez\/\" \/>\n<meta property=\"og:site_name\" content=\"Fondation Jean-Marie Lehn\" \/>\n<meta property=\"article:publisher\" content=\"https:\/\/www.facebook.com\/Fondation-pour-la-Recherche-en-Chimie-244345315919500\/?fref=ts\" \/>\n<meta property=\"article:modified_time\" content=\"2021-06-28T14:16:52+00:00\" \/>\n<meta name=\"twitter:card\" content=\"summary_large_image\" \/>\n<meta name=\"twitter:image\" content=\"https:\/\/fondation-lehn.fr\/wp-content\/uploads\/2020\/05\/icone-r\u00e9seau-vert.svg\" \/>\n<meta name=\"twitter:site\" content=\"@Fondation_FRC\" \/>\n<meta name=\"twitter:label1\" content=\"Est. reading time\">\n\t<meta name=\"twitter:data1\" content=\"1 minute\">\n<script type=\"application\/ld+json\" class=\"yoast-schema-graph\">{\"@context\":\"https:\/\/schema.org\",\"@graph\":[{\"@type\":\"WebSite\",\"@id\":\"https:\/\/fondation-lehn.fr\/#website\",\"url\":\"https:\/\/fondation-lehn.fr\/\",\"name\":\"Fondation Jean-Marie Lehn\",\"description\":\"La Fondation accompagne le d\\u00e9veloppement du p\\u00f4le de recherche en chimie de l&#039;Universit\\u00e9 de Strasbourg et du CNRS\",\"potentialAction\":[{\"@type\":\"SearchAction\",\"target\":\"https:\/\/fondation-lehn.fr\/?s={search_term_string}\",\"query-input\":\"required name=search_term_string\"}],\"inLanguage\":\"en-US\"},{\"@type\":\"ImageObject\",\"@id\":\"https:\/\/fondation-lehn.fr\/projet\/marie-paule-bassez\/#primaryimage\",\"inLanguage\":\"en-US\",\"url\":\"https:\/\/fondation-lehn.fr\/wp-content\/uploads\/2020\/05\/icone-r\\u00e9seau-vert.svg\"},{\"@type\":\"WebPage\",\"@id\":\"https:\/\/fondation-lehn.fr\/projet\/marie-paule-bassez\/#webpage\",\"url\":\"https:\/\/fondation-lehn.fr\/projet\/marie-paule-bassez\/\",\"name\":\"Laboratoire scientifique et p\\u00e9dagogique de Marie-Paule Bassez - Fondation Jean-Marie Lehn\",\"isPartOf\":{\"@id\":\"https:\/\/fondation-lehn.fr\/#website\"},\"primaryImageOfPage\":{\"@id\":\"https:\/\/fondation-lehn.fr\/projet\/marie-paule-bassez\/#primaryimage\"},\"datePublished\":\"2021-01-28T14:48:43+00:00\",\"dateModified\":\"2021-06-28T14:16:52+00:00\",\"inLanguage\":\"en-US\",\"potentialAction\":[{\"@type\":\"ReadAction\",\"target\":[\"https:\/\/fondation-lehn.fr\/projet\/marie-paule-bassez\/\"]}]}]}<\/script>\n<!-- \/ Yoast SEO plugin. -->","_links":{"self":[{"href":"https:\/\/fondation-lehn.fr\/en\/wp-json\/wp\/v2\/product\/11330"}],"collection":[{"href":"https:\/\/fondation-lehn.fr\/en\/wp-json\/wp\/v2\/product"}],"about":[{"href":"https:\/\/fondation-lehn.fr\/en\/wp-json\/wp\/v2\/types\/product"}],"version-history":[{"count":8,"href":"https:\/\/fondation-lehn.fr\/en\/wp-json\/wp\/v2\/product\/11330\/revisions"}],"predecessor-version":[{"id":14020,"href":"https:\/\/fondation-lehn.fr\/en\/wp-json\/wp\/v2\/product\/11330\/revisions\/14020"}],"wp:featuredmedia":[{"embeddable":true,"href":"https:\/\/fondation-lehn.fr\/en\/wp-json\/wp\/v2\/media\/7428"}],"wp:attachment":[{"href":"https:\/\/fondation-lehn.fr\/en\/wp-json\/wp\/v2\/media?parent=11330"}],"curies":[{"name":"wp","href":"https:\/\/api.w.org\/{rel}","templated":true}]}}